{"id":250202,"date":"2025-07-11T13:49:43","date_gmt":"2025-07-11T11:49:43","guid":{"rendered":"https:\/\/nivel0bcn.com\/politica-de-cookies\/"},"modified":"2026-04-21T12:02:06","modified_gmt":"2026-04-21T10:02:06","slug":"politica-de-cookies","status":"publish","type":"page","link":"https:\/\/nivel0bcn.com\/ca\/politica-de-cookies\/","title":{"rendered":"Pol\u00edtica de cookies"},"content":{"rendered":"\n<div class=\"et_pb_section_0 et_pb_section et_section_regular et_block_section\"><div class=\"et_pb_row_0 et_pb_row et_block_row\"><div class=\"et_pb_column_0 et_pb_column et_pb_column_4_4 et-last-child et_block_column et_pb_css_mix_blend_mode_passthrough preset--module--divi-column--default\"><div class=\"et_pb_text_0 et_pb_text et_pb_bg_layout_light et_pb_module et_block_module\"><div class=\"et_pb_text_inner\"><h1>Pol\u00edtiques de cookies<\/h1>\n<\/div><\/div><\/div><\/div><div class=\"et_pb_row_1 et_pb_row et_block_row\"><div class=\"et_pb_column_1 et_pb_column et_pb_column_3_5 et_block_column et_pb_css_mix_blend_mode_passthrough preset--module--divi-column--default\"><div class=\"et_pb_text_1 et_pb_text et_pb_bg_layout_light et_pb_module et_block_module\"><div class=\"et_pb_text_inner\"><p>JOSE LUIS MART\u00cdN RAM\u00cdREZ, a trav\u00e9s del present document, recull la seva Pol\u00edtica de recollida i tractament de cookies, en compliment del que disposa l'article de la Llei 34\/2002, d'11 de juliol, de Serveis de la Societat de la Informaci\u00f3 i de Comer\u00e7 Electr\u00f2nic (LSSICE).<\/p>\n<p>Les cookies s'emmagatzemen a l'equip terminal de l'usuari (ordinador o dispositiu m\u00f2bil) i <span>recopilen informaci\u00f3 en visitar la p\u00e0gina web www.nivel0bcn.com<\/span> amb la finalitat de millorar-ne la usabilitat, con\u00e8ixer els h\u00e0bits o necessitats de navegaci\u00f3 dels usuaris per poder adaptar-s'hi, aix\u00ed com obtenir informaci\u00f3 amb finalitats estad\u00edstiques. En el cas dels usuaris que ja siguin clients de JOS\u00c9 LUIS MART\u00cdN RAM\u00cdREZ, la informaci\u00f3 recollida amb les cookies servir\u00e0 tamb\u00e9 per a la seva identificaci\u00f3 en accedir a les diferents eines que JOS\u00c9 LUIS MART\u00cdN RAM\u00cdREZ posa a la vostra disposici\u00f3 per a la gesti\u00f3 dels serveis.<\/p>\n<p>Aquesta Pol\u00edtica de Cookies ser\u00e0 aplicable a aquells usuaris que volunt\u00e0riament visiten les p\u00e0gines web de JOS\u00c9 LUIS MART\u00cdN RAM\u00cdREZ, emplenen formularis de recollida de dades, accedeixen a les eines que JOS\u00c9 LUIS MART\u00cdN RAM\u00cdREZ posa a disposici\u00f3 dels seus clients per gestionar els seus serveis, o utilitzen qualsevol altre servei present al lloc web que i RAM\u00cdREZ, o l'acc\u00e9s a dades per JOS\u00c9 LUIS MART\u00cdN RAM\u00cdREZ, per a la prestaci\u00f3 dels seus serveis.<\/p>\n<p>JOS\u00c9 LUIS MART\u00cdN RAM\u00cdREZ informa els usuaris de les seves p\u00e0gines web, de l'exist\u00e8ncia de cookies i posa a la seva disposici\u00f3 aquesta Pol\u00edtica amb la finalitat d'informar-los sobre l'\u00fas i l'objecte de les mateixes. El fet de continuar la navegaci\u00f3 a trav\u00e9s de les seves p\u00e0gines suposa el coneixement i l'acceptaci\u00f3 de la present Pol\u00edtica per part dels usuaris.<\/p>\n<p>JOS\u00c9 LUIS MART\u00cdN RAM\u00cdREZ utilitza els seg\u00fcents tipus de cookies:<\/p>\n<p>Classificades per la titularitat:<\/p>\n<p>_ Cookies pr\u00f2pies: enviades i gestionades directament per JOS\u00c9 LUIS MART\u00cdN RAM\u00cdREZ<\/p>\n<p>_ Cookies de tercers: enviades i gestionades per un tercer ali\u00e8 a JOS\u00c9 LUIS MART\u00cdN RAM\u00cdREZ, de forma an\u00f2nima, amb la finalitat de realitzar estudis estad\u00edstics de navegaci\u00f3 per les p\u00e0gines web de JOS\u00c9 LUIS MART\u00cdN RAM\u00cdREZ<\/p>\n<p>Classificades per la finalitat:<\/p>\n<p>_ Galetes t\u00e8cniques i\/o de personalitzaci\u00f3: faciliten la navegaci\u00f3, en identificar la sessi\u00f3, permetre l'acc\u00e9s a eines d'acc\u00e9s restringit, a m\u00e9s de configurar a mida les opcions disponibles. Possibiliten la prestaci\u00f3 del servei sol\u00b7licitat pr\u00e8viament per lusuari.<\/p>\n<p>_ Cookies d'an\u00e0lisi i\/o publicitat: permeten con\u00e8ixer el nombre de visites rebudes a les diferents seccions de les p\u00e0gines web, els h\u00e0bits i tend\u00e8ncies dels seus usuaris i en conseq\u00fc\u00e8ncia, poder millorar la navegaci\u00f3 i el servei ofert per JOS\u00c9 LUIS MART\u00cdN RAM\u00cdREZ (fonamentalment, Google Analytics), aix\u00ed com gestionar els espais publicitaris. Recopila dades de manera an\u00f2nima per obtenir perfils de navegaci\u00f3 dels usuaris.<\/p>\n<p>&nbsp;<\/p>\n<p>Classificades per la durada:<\/p>\n<p>_ Cookies de sessi\u00f3: recullen i emmagatzemen les dades mentre l'usuari accedeix a la p\u00e0gina web.<\/p>\n<p>_ Cookies persistents: recullen i emmagatzemen les dades al terminal de l'usuari durant un per\u00edode de temps variable en funci\u00f3 de quina sigui la finalitat per a la qual han estat utilitzades.<\/p>\n<p>El temps de conservaci\u00f3 de les galetes dependr\u00e0 del tipus de qu\u00e8 es tracti i sempre ser\u00e0 el m\u00ednim indispensable per complir la seva finalitat.<\/p>\n<p>En qualsevol cas, els usuaris poden configurar el vostre navegador, de manera que es deshabiliti o bloquegi la recepci\u00f3 de totes o algunes de les cookies.<\/p>\n<p>El fet de no desitjar rebre aquestes galetes no constitueix un impediment per poder accedir a la informaci\u00f3 dels llocs web de JOS\u00c9 LUIS MART\u00cdN RAM\u00cdREZ encara que l'\u00fas d'alguns serveis podr\u00e0 ser limitat.<\/p>\n<p>Si un cop atorgat el consentiment per a la recepci\u00f3 de cookies, es vol retirar aquest, s'hauran d'eliminar aquelles emmagatzemades a l'equip de l'usuari, a trav\u00e9s de les opcions dels diferents navegadors.<\/p>\n<p>La forma de configurar els diferents navegadors per exercitar les accions assenyalades als par\u00e0grafs anteriors, es pot consultar a:<\/p>\n<p>&nbsp;<\/p>\n<ul>\n<li>Explorer: <a href=\"http:\/\/windows.microsoft.com\/es-es\/windows7\/how-to-manage-cookies-in-internet-explorer-9\">http:\/\/windows.microsoft.com\/es-es\/windows7\/how-to-manage-cookies-in-internet-explorer-9<\/a><\/li>\n<li>Chrome: https:\/\/support.google.com\/chrome\/answer\/95647?hl=ca<\/li>\n<li>Firefox: <a href=\"http:\/\/support.mozilla.org\/es\/kb\/cookies-informacion-que-los-sitios-web-guardan-en-?redirectlocal\">htt p:\/\/support.mozilla.org\/es\/kb\/cookies-informacion-que-los-sitios-web-guardan-en-?redirectlocal e=en-US&amp;redirectslug<\/a> =Cookies<\/li>\n<\/ul>\n<\/div><\/div><\/div><div class=\"et_pb_column_2 et_pb_column et_pb_column_2_5 et-last-child et_block_column et_pb_column_empty et_pb_css_mix_blend_mode_passthrough preset--module--divi-column--default\"><\/div><\/div><\/div>\n","protected":false},"excerpt":{"rendered":"","protected":false},"author":7,"featured_media":0,"parent":0,"menu_order":0,"comment_status":"closed","ping_status":"closed","template":"","meta":{"footnotes":""},"class_list":["post-250202","page","type-page","status-publish","hentry"],"yoast_head":"<!-- This site is optimized with the Yoast SEO plugin v27.5 - https:\/\/yoast.com\/product\/yoast-seo-wordpress\/ -->\n<title>Pol\u00edtica de cookies - Seguridad, domotica, iluminaci\u00f3n y control de accesos en Barcelona | Nivel 0 BCN<\/title>\n<meta name=\"description\" content=\"Coneix les diferents galetes que utilitzem per oferir-te una millor experi\u00e8ncia d&#039;usuari a la nostra web\" \/>\n<meta name=\"robots\" content=\"index, follow, max-snippet:-1, max-image-preview:large, max-video-preview:-1\" \/>\n<link rel=\"canonical\" href=\"https:\/\/nivel0bcn.com\/ca\/politica-de-cookies\/\" \/>\n<meta property=\"og:locale\" content=\"ca_ES\" \/>\n<meta property=\"og:type\" content=\"article\" \/>\n<meta property=\"og:title\" content=\"Pol\u00edtica de cookies - Seguridad, domotica, iluminaci\u00f3n y control de accesos en Barcelona | Nivel 0 BCN\" \/>\n<meta property=\"og:description\" content=\"Coneix les diferents galetes que utilitzem per oferir-te una millor experi\u00e8ncia d&#039;usuari a la nostra web\" \/>\n<meta property=\"og:url\" content=\"https:\/\/nivel0bcn.com\/ca\/politica-de-cookies\/\" \/>\n<meta property=\"og:site_name\" content=\"Seguridad, domotica, iluminaci\u00f3n y control de accesos en Barcelona | Nivel 0 BCN\" \/>\n<meta property=\"article:modified_time\" content=\"2026-04-21T10:02:06+00:00\" \/>\n<meta name=\"twitter:card\" content=\"summary_large_image\" \/>\n<script type=\"application\/ld+json\" class=\"yoast-schema-graph\">{\"@context\":\"https:\\\/\\\/schema.org\",\"@graph\":[{\"@type\":\"WebPage\",\"@id\":\"https:\\\/\\\/nivel0bcn.com\\\/ca\\\/politica-de-cookies\\\/\",\"url\":\"https:\\\/\\\/nivel0bcn.com\\\/ca\\\/politica-de-cookies\\\/\",\"name\":\"Pol\u00edtica de cookies - Seguridad, domotica, iluminaci\u00f3n y control de accesos en Barcelona | Nivel 0 BCN\",\"isPartOf\":{\"@id\":\"https:\\\/\\\/nivel0bcn.com\\\/ca\\\/#website\"},\"datePublished\":\"2025-07-11T11:49:43+00:00\",\"dateModified\":\"2026-04-21T10:02:06+00:00\",\"description\":\"Coneix les diferents galetes que utilitzem per oferir-te una millor experi\u00e8ncia d'usuari a la nostra web\",\"breadcrumb\":{\"@id\":\"https:\\\/\\\/nivel0bcn.com\\\/ca\\\/politica-de-cookies\\\/#breadcrumb\"},\"inLanguage\":\"ca\",\"potentialAction\":[{\"@type\":\"ReadAction\",\"target\":[\"https:\\\/\\\/nivel0bcn.com\\\/ca\\\/politica-de-cookies\\\/\"]}]},{\"@type\":\"BreadcrumbList\",\"@id\":\"https:\\\/\\\/nivel0bcn.com\\\/ca\\\/politica-de-cookies\\\/#breadcrumb\",\"itemListElement\":[{\"@type\":\"ListItem\",\"position\":1,\"name\":\"Portada\",\"item\":\"https:\\\/\\\/nivel0bcn.com\\\/ca\\\/nivell-0-bcn\\\/\"},{\"@type\":\"ListItem\",\"position\":2,\"name\":\"Pol\u00edtica de cookies\"}]},{\"@type\":\"WebSite\",\"@id\":\"https:\\\/\\\/nivel0bcn.com\\\/ca\\\/#website\",\"url\":\"https:\\\/\\\/nivel0bcn.com\\\/ca\\\/\",\"name\":\"Seguridad, domotica, iluminaci\u00f3n y control de accesos en Barcelona | Nivel 0 BCN\",\"description\":\"Especialistes en sistemas de seguridad, dom\u00f3tica y sistemas de control de accesos para viviendad, empreses y hoteles. Mas de una d\u00e9cada de experiencia y atencion personalitzada.\",\"publisher\":{\"@id\":\"https:\\\/\\\/nivel0bcn.com\\\/ca\\\/#organization\"},\"potentialAction\":[{\"@type\":\"SearchAction\",\"target\":{\"@type\":\"EntryPoint\",\"urlTemplate\":\"https:\\\/\\\/nivel0bcn.com\\\/ca\\\/?s={search_term_string}\"},\"query-input\":{\"@type\":\"PropertyValueSpecification\",\"valueRequired\":true,\"valueName\":\"search_term_string\"}}],\"inLanguage\":\"ca\"},{\"@type\":\"Organization\",\"@id\":\"https:\\\/\\\/nivel0bcn.com\\\/ca\\\/#organization\",\"name\":\"Seguridad, domotica, iluminaci\u00f3n y control de accesos en Barcelona | Nivel 0 BCN\",\"url\":\"https:\\\/\\\/nivel0bcn.com\\\/ca\\\/\",\"logo\":{\"@type\":\"ImageObject\",\"inLanguage\":\"ca\",\"@id\":\"https:\\\/\\\/nivel0bcn.com\\\/ca\\\/#\\\/schema\\\/logo\\\/image\\\/\",\"url\":\"https:\\\/\\\/nivel0bcn.com\\\/wp-content\\\/uploads\\\/2025-Logo-Nivel-0.png\",\"contentUrl\":\"https:\\\/\\\/nivel0bcn.com\\\/wp-content\\\/uploads\\\/2025-Logo-Nivel-0.png\",\"width\":250,\"height\":100,\"caption\":\"Seguridad, domotica, iluminaci\u00f3n y control de accesos en Barcelona | Nivel 0 BCN\"},\"image\":{\"@id\":\"https:\\\/\\\/nivel0bcn.com\\\/ca\\\/#\\\/schema\\\/logo\\\/image\\\/\"}}]}<\/script>\n<!-- \/ Yoast SEO plugin. -->","yoast_head_json":{"title":"Pol\u00edtica de cookies - Seguridad, domotica, iluminaci\u00f3n y control de accesos en Barcelona | Nivel 0 BCN","description":"Coneix les diferents galetes que utilitzem per oferir-te una millor experi\u00e8ncia d'usuari a la nostra web","robots":{"index":"index","follow":"follow","max-snippet":"max-snippet:-1","max-image-preview":"max-image-preview:large","max-video-preview":"max-video-preview:-1"},"canonical":"https:\/\/nivel0bcn.com\/ca\/politica-de-cookies\/","og_locale":"ca_ES","og_type":"article","og_title":"Pol\u00edtica de cookies - Seguridad, domotica, iluminaci\u00f3n y control de accesos en Barcelona | Nivel 0 BCN","og_description":"Coneix les diferents galetes que utilitzem per oferir-te una millor experi\u00e8ncia d'usuari a la nostra web","og_url":"https:\/\/nivel0bcn.com\/ca\/politica-de-cookies\/","og_site_name":"Seguridad, domotica, iluminaci\u00f3n y control de accesos en Barcelona | Nivel 0 BCN","article_modified_time":"2026-04-21T10:02:06+00:00","twitter_card":"summary_large_image","schema":{"@context":"https:\/\/schema.org","@graph":[{"@type":"WebPage","@id":"https:\/\/nivel0bcn.com\/ca\/politica-de-cookies\/","url":"https:\/\/nivel0bcn.com\/ca\/politica-de-cookies\/","name":"Pol\u00edtica de cookies - Seguridad, domotica, iluminaci\u00f3n y control de accesos en Barcelona | Nivel 0 BCN","isPartOf":{"@id":"https:\/\/nivel0bcn.com\/ca\/#website"},"datePublished":"2025-07-11T11:49:43+00:00","dateModified":"2026-04-21T10:02:06+00:00","description":"Coneix les diferents galetes que utilitzem per oferir-te una millor experi\u00e8ncia d'usuari a la nostra web","breadcrumb":{"@id":"https:\/\/nivel0bcn.com\/ca\/politica-de-cookies\/#breadcrumb"},"inLanguage":"ca","potentialAction":[{"@type":"ReadAction","target":["https:\/\/nivel0bcn.com\/ca\/politica-de-cookies\/"]}]},{"@type":"BreadcrumbList","@id":"https:\/\/nivel0bcn.com\/ca\/politica-de-cookies\/#breadcrumb","itemListElement":[{"@type":"ListItem","position":1,"name":"Portada","item":"https:\/\/nivel0bcn.com\/ca\/nivell-0-bcn\/"},{"@type":"ListItem","position":2,"name":"Pol\u00edtica de cookies"}]},{"@type":"WebSite","@id":"https:\/\/nivel0bcn.com\/ca\/#website","url":"https:\/\/nivel0bcn.com\/ca\/","name":"Seguridad, domotica, iluminaci\u00f3n y control de accesos en Barcelona | Nivel 0 BCN","description":"Especialistes en sistemas de seguridad, dom\u00f3tica y sistemas de control de accesos para viviendad, empreses y hoteles. Mas de una d\u00e9cada de experiencia y atencion personalitzada.","publisher":{"@id":"https:\/\/nivel0bcn.com\/ca\/#organization"},"potentialAction":[{"@type":"SearchAction","target":{"@type":"EntryPoint","urlTemplate":"https:\/\/nivel0bcn.com\/ca\/?s={search_term_string}"},"query-input":{"@type":"PropertyValueSpecification","valueRequired":true,"valueName":"search_term_string"}}],"inLanguage":"ca"},{"@type":"Organization","@id":"https:\/\/nivel0bcn.com\/ca\/#organization","name":"Seguridad, domotica, iluminaci\u00f3n y control de accesos en Barcelona | Nivel 0 BCN","url":"https:\/\/nivel0bcn.com\/ca\/","logo":{"@type":"ImageObject","inLanguage":"ca","@id":"https:\/\/nivel0bcn.com\/ca\/#\/schema\/logo\/image\/","url":"https:\/\/nivel0bcn.com\/wp-content\/uploads\/2025-Logo-Nivel-0.png","contentUrl":"https:\/\/nivel0bcn.com\/wp-content\/uploads\/2025-Logo-Nivel-0.png","width":250,"height":100,"caption":"Seguridad, domotica, iluminaci\u00f3n y control de accesos en Barcelona | Nivel 0 BCN"},"image":{"@id":"https:\/\/nivel0bcn.com\/ca\/#\/schema\/logo\/image\/"}}]}},"_links":{"self":[{"href":"https:\/\/nivel0bcn.com\/ca\/wp-json\/wp\/v2\/pages\/250202","targetHints":{"allow":["GET"]}}],"collection":[{"href":"https:\/\/nivel0bcn.com\/ca\/wp-json\/wp\/v2\/pages"}],"about":[{"href":"https:\/\/nivel0bcn.com\/ca\/wp-json\/wp\/v2\/types\/page"}],"author":[{"embeddable":true,"href":"https:\/\/nivel0bcn.com\/ca\/wp-json\/wp\/v2\/users\/7"}],"replies":[{"embeddable":true,"href":"https:\/\/nivel0bcn.com\/ca\/wp-json\/wp\/v2\/comments?post=250202"}],"version-history":[{"count":6,"href":"https:\/\/nivel0bcn.com\/ca\/wp-json\/wp\/v2\/pages\/250202\/revisions"}],"predecessor-version":[{"id":260849,"href":"https:\/\/nivel0bcn.com\/ca\/wp-json\/wp\/v2\/pages\/250202\/revisions\/260849"}],"wp:attachment":[{"href":"https:\/\/nivel0bcn.com\/ca\/wp-json\/wp\/v2\/media?parent=250202"}],"curies":[{"name":"wp","href":"https:\/\/api.w.org\/{rel}","templated":true}]}}